{"id":21218,"date":"2016-03-10T18:52:12","date_gmt":"2016-03-10T18:52:12","guid":{"rendered":"https:\/\/albaniancoasthomes.com\/\/datenschutzerklaerung\/"},"modified":"2025-10-07T08:33:39","modified_gmt":"2025-10-07T08:33:39","slug":"datenschutzerklaerung","status":"publish","type":"page","link":"https:\/\/albaniancoasthomes-com-49-13-154-183.sitesdraft.com\/de\/datenschutzerklaerung\/","title":{"rendered":"Datenschutzerkl\u00e4rung"},"content":{"rendered":"\t\t<div data-elementor-type=\"wp-page\" data-elementor-id=\"21218\" class=\"elementor elementor-21218 elementor-748\">\n\t\t\t\t<div class=\"elementor-element elementor-element-3129ae0f e-flex e-con-boxed e-con e-parent\" data-id=\"3129ae0f\" data-element_type=\"container\" data-e-type=\"container\">\n\t\t\t\t\t<div class=\"e-con-inner\">\n\t\t\t\t<div class=\"elementor-element elementor-element-550995ac elementor-widget elementor-widget-text-editor\" data-id=\"550995ac\" data-element_type=\"widget\" data-e-type=\"widget\" data-widget_type=\"text-editor.default\">\n\t\t\t\t\t\t\t\t\t<ol><li><b> Einleitung<\/b><b><br \/><\/b><span style=\"font-weight: 400;\"> Albanian Coast Homes respektiert Ihre Privatsph\u00e4re und verpflichtet sich, Ihre personenbezogenen Daten zu sch\u00fctzen. Diese Richtlinie erkl\u00e4rt, welche Informationen wir erheben, wie wir sie verwenden und welche Rechte Sie haben \u2013 im Einklang mit den albanischen Datenschutzgesetzen, die an die Grunds\u00e4tze der DSGVO angepasst sind.<\/span><\/li><li><b> Geltungsbereich und Anwendbarkeit<\/b><b><br \/><\/b><span style=\"font-weight: 400;\"> Diese Richtlinie gilt f\u00fcr alle Besucher unserer Website, Nutzer unserer Dienstleistungen und Kunden von Albanian Coast Homes.<\/span><span style=\"font-weight: 400;\"><br \/><\/span><span style=\"font-weight: 400;\"> Aufgrund der Angleichung Albaniens an DSGVO-\u00e4hnliche Standards gilt diese Richtlinie auch f\u00fcr betroffene Personen mit Wohnsitz in der EU.<\/span><\/li><li><b> Welche Daten wir erheben<\/b><b><br \/><\/b><span style=\"font-weight: 400;\"> Wir erfassen nur die notwendigen Daten, kategorisiert wie folgt:<\/span><\/li><\/ol><ul><li style=\"font-weight: 400;\" aria-level=\"1\"><b>Identifikations- &amp; Kontaktdaten<\/b><span style=\"font-weight: 400;\">: Name, E-Mail, Telefonnummer, Postanschrift und \u00e4hnliche Angaben.<\/span><span style=\"font-weight: 400;\"><br \/><br \/><\/span><\/li><li style=\"font-weight: 400;\" aria-level=\"1\"><b>Finanzdaten<\/b><span style=\"font-weight: 400;\">: Bankverbindung oder Zahlungsinformationen (falls zutreffend).<\/span><span style=\"font-weight: 400;\"><br \/><br \/><\/span><\/li><li style=\"font-weight: 400;\" aria-level=\"1\"><b>Technische Daten<\/b><span style=\"font-weight: 400;\">: IP-Adresse, Ger\u00e4te-\/Browserinformationen, Cookies und Serverprotokolle.<\/span><span style=\"font-weight: 400;\"><br \/><br \/><\/span><\/li><\/ul><ol start=\"4\"><li><b> Zwecke &amp; Rechtsgrundlagen der Verarbeitung<\/b><b><br \/><\/b><span style=\"font-weight: 400;\"> Wir verwenden personenbezogene Daten ausschlie\u00dflich f\u00fcr folgende Zwecke:<\/span><\/li><\/ol><ul><li style=\"font-weight: 400;\" aria-level=\"1\"><span style=\"font-weight: 400;\">Bereitstellung von Dienstleistungen, Beantwortung von Anfragen und Erf\u00fcllung von Vertr\u00e4gen.<\/span><span style=\"font-weight: 400;\"><br \/><br \/><\/span><\/li><li style=\"font-weight: 400;\" aria-level=\"1\"><span style=\"font-weight: 400;\">Erf\u00fcllung rechtlicher Verpflichtungen (z. B. Steuer- oder Betrugspr\u00e4vention).<\/span><span style=\"font-weight: 400;\"><br \/><br \/><\/span><\/li><li style=\"font-weight: 400;\" aria-level=\"1\"><span style=\"font-weight: 400;\">Wahrung berechtigter Interessen (z. B. Verbesserung der Website-Performance, Marketing mit Einwilligung).<\/span><span style=\"font-weight: 400;\"><br \/><br \/><\/span><\/li><li style=\"font-weight: 400;\" aria-level=\"1\"><span style=\"font-weight: 400;\">Einwilligung, wenn diese zwingend erforderlich ist (z. B. f\u00fcr Newsletter).<\/span><span style=\"font-weight: 400;\"><br \/><br \/><\/span><\/li><\/ul><ol start=\"5\"><li><b> Datenweitergabe &amp; internationale \u00dcbermittlungen<\/b><b><br \/><\/b><span style=\"font-weight: 400;\"> Wir k\u00f6nnen Daten weitergeben an:<\/span><\/li><\/ol><ul><li style=\"font-weight: 400;\" aria-level=\"1\"><span style=\"font-weight: 400;\">Vertrauensw\u00fcrdige Dienstleister (z. B. CRM-Systeme, E-Mail-Tools) unter sicheren Vereinbarungen.<\/span><span style=\"font-weight: 400;\"><br \/><br \/><\/span><\/li><li style=\"font-weight: 400;\" aria-level=\"1\"><span style=\"font-weight: 400;\">Gesetzliche Beh\u00f6rden, wenn dies rechtlich vorgeschrieben ist.<\/span><span style=\"font-weight: 400;\"><br \/><br \/><\/span><\/li><li style=\"font-weight: 400;\" aria-level=\"1\"><span style=\"font-weight: 400;\">Wenn Daten au\u00dferhalb Albaniens (oder der EU) \u00fcbertragen werden, greifen wir auf geeignete Garantien zur\u00fcck, wie Standardvertragsklauseln.<\/span><span style=\"font-weight: 400;\"><br \/><br \/><\/span><\/li><\/ul><ol start=\"6\"><li><b> Datenspeicherung &amp; Sicherheitsma\u00dfnahmen<\/b><b><br \/><\/b><span style=\"font-weight: 400;\"> Wir speichern Daten nur so lange, wie es f\u00fcr den jeweiligen Zweck erforderlich ist oder zur Erf\u00fcllung gesetzlicher Anforderungen.<\/span><span style=\"font-weight: 400;\"><br \/><\/span><span style=\"font-weight: 400;\"> Wir nutzen g\u00e4ngige Sicherheitsma\u00dfnahmen \u2013 Verschl\u00fcsselung, sichere Speicherung, Zugriffsbeschr\u00e4nkungen usw.<\/span><\/li><li><b> Ihre Rechte<\/b><b><br \/><\/b><span style=\"font-weight: 400;\"> Nach albanischem Recht und den DSGVO-Standards haben Sie das Recht auf:<\/span><\/li><\/ol><ul><li style=\"font-weight: 400;\" aria-level=\"1\"><span style=\"font-weight: 400;\">Zugriff auf Ihre Daten<\/span><span style=\"font-weight: 400;\"><br \/><br \/><\/span><\/li><li style=\"font-weight: 400;\" aria-level=\"1\"><span style=\"font-weight: 400;\">Berichtigung oder L\u00f6schung (\u201eRecht auf Vergessenwerden\u201c)<\/span><span style=\"font-weight: 400;\"><br \/><br \/><\/span><\/li><li style=\"font-weight: 400;\" aria-level=\"1\"><span style=\"font-weight: 400;\">Einschr\u00e4nkung oder Widerspruch gegen die Verarbeitung<\/span><span style=\"font-weight: 400;\"><br \/><br \/><\/span><\/li><li style=\"font-weight: 400;\" aria-level=\"1\"><span style=\"font-weight: 400;\">Widerruf einer erteilten Einwilligung (falls zutreffend)<\/span><span style=\"font-weight: 400;\"><br \/><br \/><\/span><\/li><li style=\"font-weight: 400;\" aria-level=\"1\"><span style=\"font-weight: 400;\">Daten\u00fcbertragbarkeit<\/span><span style=\"font-weight: 400;\"><br \/><br \/><\/span><\/li><\/ul><ol start=\"8\"><li><b> Cookies &amp; Tracking<\/b><b><br \/><\/b><span style=\"font-weight: 400;\"> Wir k\u00f6nnen Cookies verwenden, um die Funktionalit\u00e4t und Leistung der Website zu verbessern.<\/span><\/li><\/ol><ul><li style=\"font-weight: 400;\" aria-level=\"1\"><b>Essentielle Cookies<\/b><span style=\"font-weight: 400;\">: Immer aktiv f\u00fcr die grundlegende Nutzung.<\/span><span style=\"font-weight: 400;\"><br \/><br \/><\/span><\/li><li style=\"font-weight: 400;\" aria-level=\"1\"><b>Nicht essentielle Cookies<\/b><span style=\"font-weight: 400;\"> (Analytics oder Marketing): Nur mit Ihrer Zustimmung aktiviert und jederzeit entfernbar.<\/span><span style=\"font-weight: 400;\"><br \/><br \/><\/span><\/li><\/ul><ol start=\"9\"><li><b> Verantwortliche Stelle &amp; Beschwerden<\/b><b><br \/><\/b><span style=\"font-weight: 400;\"> Datenverantwortlicher: Albanian Coast Homes<\/span><span style=\"font-weight: 400;\"><br \/><\/span><span style=\"font-weight: 400;\"> E-Mail: legal@albaniancoasthomes.com<\/span><span style=\"font-weight: 400;\"><br \/><\/span><span style=\"font-weight: 400;\"> Telefon: +355 69 60 333 40<\/span><span style=\"font-weight: 400;\"><br \/><\/span><span style=\"font-weight: 400;\"> B\u00fcroanschrift: Pjet\u00ebr Bogdani, Tirana, Albanien<\/span><\/li><\/ol><p><span style=\"font-weight: 400;\">Wenn Sie der Meinung sind, dass Ihre Datenschutzrechte verletzt wurden, haben Sie das Recht, eine Beschwerde beim albanischen Beauftragten f\u00fcr den Schutz personenbezogener Daten einzureichen.<\/span><\/p><ol start=\"10\"><li><b> \u00c4nderungen dieser Richtlinie<\/b><b><br \/><\/b><span style=\"font-weight: 400;\"> Wir k\u00f6nnen diese Datenschutzerkl\u00e4rung von Zeit zu Zeit aktualisieren, um \u00c4nderungen der Rechtslage oder unserer Gesch\u00e4ftst\u00e4tigkeit widerzuspiegeln. Aktualisierte Versionen werden auf der Website mit einem neuen \u201eZuletzt aktualisiert\u201c-Datum ver\u00f6ffentlicht.<\/span><\/li><\/ol>\t\t\t\t\t\t\t\t<\/div>\n\t\t\t\t\t<\/div>\n\t\t\t\t<\/div>\n\t\t\t\t<\/div>\n\t\t","protected":false},"excerpt":{"rendered":"<p>Einleitung Albanian Coast Homes respektiert Ihre Privatsph\u00e4re und verpflichtet sich, Ihre personenbezogenen Daten zu sch\u00fctzen. Diese Richtlinie erkl\u00e4rt, welche Informationen wir erheben, wie wir sie verwenden und welche Rechte Sie haben \u2013 im Einklang mit den albanischen Datenschutzgesetzen, die an die Grunds\u00e4tze der DSGVO angepasst sind. Geltungsbereich und Anwendbarkeit Diese Richtlinie gilt f\u00fcr alle Besucher [&hellip;]<\/p>\n","protected":false},"author":1,"featured_media":0,"parent":0,"menu_order":0,"comment_status":"closed","ping_status":"closed","template":"template\/template-page.php","meta":{"footnotes":""},"class_list":["post-21218","page","type-page","status-publish","hentry"],"_links":{"self":[{"href":"https:\/\/albaniancoasthomes-com-49-13-154-183.sitesdraft.com\/de\/wp-json\/wp\/v2\/pages\/21218","targetHints":{"allow":["GET"]}}],"collection":[{"href":"https:\/\/albaniancoasthomes-com-49-13-154-183.sitesdraft.com\/de\/wp-json\/wp\/v2\/pages"}],"about":[{"href":"https:\/\/albaniancoasthomes-com-49-13-154-183.sitesdraft.com\/de\/wp-json\/wp\/v2\/types\/page"}],"author":[{"embeddable":true,"href":"https:\/\/albaniancoasthomes-com-49-13-154-183.sitesdraft.com\/de\/wp-json\/wp\/v2\/users\/1"}],"replies":[{"embeddable":true,"href":"https:\/\/albaniancoasthomes-com-49-13-154-183.sitesdraft.com\/de\/wp-json\/wp\/v2\/comments?post=21218"}],"version-history":[{"count":0,"href":"https:\/\/albaniancoasthomes-com-49-13-154-183.sitesdraft.com\/de\/wp-json\/wp\/v2\/pages\/21218\/revisions"}],"wp:attachment":[{"href":"https:\/\/albaniancoasthomes-com-49-13-154-183.sitesdraft.com\/de\/wp-json\/wp\/v2\/media?parent=21218"}],"curies":[{"name":"wp","href":"https:\/\/api.w.org\/{rel}","templated":true}]}}